{"id":826,"date":"2023-10-27T13:10:16","date_gmt":"2023-10-27T13:10:16","guid":{"rendered":"https:\/\/modest-kare.82-223-116-162.plesk.page\/?page_id=826"},"modified":"2025-07-07T15:12:28","modified_gmt":"2025-07-07T15:12:28","slug":"terms-and-privacy-policy","status":"publish","type":"page","link":"https:\/\/nomadacocteleria.com\/en\/terminos-y-politicas-de-privacidad\/","title":{"rendered":"Terms and privacy policy"},"content":{"rendered":"<div data-elementor-type=\"wp-page\" data-elementor-id=\"826\" class=\"elementor elementor-826\" data-elementor-post-type=\"page\">\n\t\t\t\t\t\t<section class=\"elementor-section elementor-top-section elementor-element elementor-element-1c02f1f elementor-section-height-min-height elementor-section-items-top elementor-section-boxed elementor-section-height-default\" data-id=\"1c02f1f\" data-element_type=\"section\" data-e-type=\"section\" data-settings=\"{&quot;background_background&quot;:&quot;classic&quot;}\">\n\t\t\t\t\t\t<div class=\"elementor-container elementor-column-gap-default\">\n\t\t\t\t\t<div class=\"elementor-column elementor-col-100 elementor-top-column elementor-element elementor-element-7514015\" data-id=\"7514015\" data-element_type=\"column\" data-e-type=\"column\">\n\t\t\t<div class=\"elementor-widget-wrap elementor-element-populated\">\n\t\t\t\t\t\t<div class=\"elementor-element elementor-element-1e06042 elementor-widget elementor-widget-spacer\" data-id=\"1e06042\" data-element_type=\"widget\" data-e-type=\"widget\" data-widget_type=\"spacer.default\">\n\t\t\t\t<div class=\"elementor-widget-container\">\n\t\t\t\t\t\t\t<div class=\"elementor-spacer\">\n\t\t\t<div class=\"elementor-spacer-inner\"><\/div>\n\t\t<\/div>\n\t\t\t\t\t\t<\/div>\n\t\t\t\t<\/div>\n\t\t\t\t<div class=\"elementor-element elementor-element-aa67e5f elementor-widget elementor-widget-heading\" data-id=\"aa67e5f\" data-element_type=\"widget\" data-e-type=\"widget\" data-widget_type=\"heading.default\">\n\t\t\t\t<div class=\"elementor-widget-container\">\n\t\t\t\t\t<h2 class=\"elementor-heading-title elementor-size-default\">LEGAL NOTICE <\/h2>\t\t\t\t<\/div>\n\t\t\t\t<\/div>\n\t\t\t\t<div class=\"elementor-element elementor-element-c0b19d1 elementor-widget elementor-widget-heading\" data-id=\"c0b19d1\" data-element_type=\"widget\" data-e-type=\"widget\" data-widget_type=\"heading.default\">\n\t\t\t\t<div class=\"elementor-widget-container\">\n\t\t\t\t\t<p class=\"elementor-heading-title elementor-size-default\">In compliance with the provisions of Law 34\/2002 of 11 July, on Information Society Services and Electronic Commerce (LSSICE), the general information details of the website www.nomadacocteleria.com are given below:<br><br>\n \nCompany name: Sofia Greta Stritzler<br>\nNIE: Y9732544Q<br>\nAddress: \u00c1lvaro de Baz\u00e1n 1- M\u00e1laga - 29007<br>\nEmail: cocteleria.nomada@gmail.com<br>\nTelephone: +34 669 41 13 09<br><\/p>\t\t\t\t<\/div>\n\t\t\t\t<\/div>\n\t\t\t\t<div class=\"elementor-element elementor-element-c7673cf elementor-widget elementor-widget-heading\" data-id=\"c7673cf\" data-element_type=\"widget\" data-e-type=\"widget\" data-widget_type=\"heading.default\">\n\t\t\t\t<div class=\"elementor-widget-container\">\n\t\t\t\t\t<p class=\"elementor-heading-title elementor-size-default\">Purpose of the website<\/p>\t\t\t\t<\/div>\n\t\t\t\t<\/div>\n\t\t\t\t<div class=\"elementor-element elementor-element-90d4b18 elementor-widget elementor-widget-heading\" data-id=\"90d4b18\" data-element_type=\"widget\" data-e-type=\"widget\" data-widget_type=\"heading.default\">\n\t\t\t\t<div class=\"elementor-widget-container\">\n\t\t\t\t\t<p class=\"elementor-heading-title elementor-size-default\">The aim of this site is to offer informative contents, news and articles related to the services we offer.<\/p>\t\t\t\t<\/div>\n\t\t\t\t<\/div>\n\t\t\t\t<div class=\"elementor-element elementor-element-b178622 elementor-widget elementor-widget-heading\" data-id=\"b178622\" data-element_type=\"widget\" data-e-type=\"widget\" data-widget_type=\"heading.default\">\n\t\t\t\t<div class=\"elementor-widget-container\">\n\t\t\t\t\t<p class=\"elementor-heading-title elementor-size-default\">Terms of use of the website<\/p>\t\t\t\t<\/div>\n\t\t\t\t<\/div>\n\t\t\t\t<div class=\"elementor-element elementor-element-853f6ff elementor-widget elementor-widget-heading\" data-id=\"853f6ff\" data-element_type=\"widget\" data-e-type=\"widget\" data-widget_type=\"heading.default\">\n\t\t\t\t<div class=\"elementor-widget-container\">\n\t\t\t\t\t<p class=\"elementor-heading-title elementor-size-default\">By the mere fact of accessing the website, the user accepts these clauses. By accessing and subsequently using this website, the user expressly, fully and unreservedly agrees to these terms and conditions.<\/p>\t\t\t\t<\/div>\n\t\t\t\t<\/div>\n\t\t\t\t<div class=\"elementor-element elementor-element-5a4b5c1 elementor-widget elementor-widget-heading\" data-id=\"5a4b5c1\" data-element_type=\"widget\" data-e-type=\"widget\" data-widget_type=\"heading.default\">\n\t\t\t\t<div class=\"elementor-widget-container\">\n\t\t\t\t\t<p class=\"elementor-heading-title elementor-size-default\">Intellectual and industrial property<\/p>\t\t\t\t<\/div>\n\t\t\t\t<\/div>\n\t\t\t\t<div class=\"elementor-element elementor-element-89fe780 elementor-widget elementor-widget-heading\" data-id=\"89fe780\" data-element_type=\"widget\" data-e-type=\"widget\" data-widget_type=\"heading.default\">\n\t\t\t\t<div class=\"elementor-widget-container\">\n\t\t\t\t\t<p class=\"elementor-heading-title elementor-size-default\">By the mere fact of accessing the website, the user accepts these clauses. By accessing and subsequently using this website, the user expressly, fully and unreservedly agrees to these terms and conditions.<\/p>\t\t\t\t<\/div>\n\t\t\t\t<\/div>\n\t\t\t\t<div class=\"elementor-element elementor-element-493b9f7 elementor-widget elementor-widget-heading\" data-id=\"493b9f7\" data-element_type=\"widget\" data-e-type=\"widget\" data-widget_type=\"heading.default\">\n\t\t\t\t<div class=\"elementor-widget-container\">\n\t\t\t\t\t<h2 class=\"elementor-heading-title elementor-size-default\">TERMS AND PRIVACY POLICY<\/h2>\t\t\t\t<\/div>\n\t\t\t\t<\/div>\n\t\t\t\t<div class=\"elementor-element elementor-element-b830592 elementor-widget elementor-widget-heading\" data-id=\"b830592\" data-element_type=\"widget\" data-e-type=\"widget\" data-widget_type=\"heading.default\">\n\t\t\t\t<div class=\"elementor-widget-container\">\n\t\t\t\t\t<p class=\"elementor-heading-title elementor-size-default\">N\u00d3MADA COCTELER\u00cdA ITINERANTE uses and protects the information that is provided by its users when using its website. Our commitment is purely and exclusively with our customers and consequently with the information and data provided by you. N\u00d3MADA COCTELER\u00cdA ITINERANTE reserves the right to change the terms of this Privacy Policy at any time. For this reason we recommend that you continually review our website to keep abreast of all information and any updates that may arise, understanding that, by entering our site, your consent to the terms and privacy policy detailed herein applies.<br><br>In accordance with Regulation (EU) 2016\/679 of the European Parliament and of the Council of 27 April 2016 on the protection of individuals with regard to the processing of personal data and on the free movement of such data (General Data Protection Regulation or GDPR), the personal data you provide us with through the contact means we make available to you will be processed by N\u00d3MADA COCTELER\u00cdA ITINERANTE.<br><br>The different areas in which personal data are collected and processed are described below.<br><br>- Contact and quotation form: The data collected through these forms will be used for the purpose of dealing with your request or query. The legal basis for the processing of your data is the consent you give when you send us your request or enquiry for us to respond to you. You may withdraw your consent at any time without affecting the lawfulness of the processing based on the consent prior to its withdrawal.<br><br>- E-mail: The data provided by means of the e-mails that we make available to you will be used to deal with the request or query that you make. The legal basis for the processing of your data is both the consent you give when you send us your request or query. You may withdraw your consent at any time without this affecting the lawfulness of the processing based on the consent prior to its withdrawal.<br><br>In all cases, your data will be retained as long as you do not revoke the consent you have given. <br><br>You may exercise the rights set out below by sending an e-mail to N\u00d3MADA COCTELER\u00cdA ITINERANTE which is indicated in the \"Contact\" tab of this website.<br><br>Right of access to personal data: you may request information from the company about whether it is processing your data and what processing it is carrying out.<br><br>The right to request the rectification of your data if they are incorrect or their deletion if they are no longer necessary for the purpose for which they were collected.<br><br>The right to request the restriction of the processing of your data.<br><br>Right to object to the processing of your data.<br><br>Right to data portability to a new Data Controller.<br><br>If you believe that your right to data protection has been violated by the company, you can file a complaint with the Spanish Data Protection Agency (www.agpd.es).\n\n<\/p>\t\t\t\t<\/div>\n\t\t\t\t<\/div>\n\t\t\t\t<div class=\"elementor-element elementor-element-0cdace7 elementor-widget elementor-widget-heading\" data-id=\"0cdace7\" data-element_type=\"widget\" data-e-type=\"widget\" data-widget_type=\"heading.default\">\n\t\t\t\t<div class=\"elementor-widget-container\">\n\t\t\t\t\t<h2 class=\"elementor-heading-title elementor-size-default\">REQUEST FOR PERSONAL INFORMATION<\/h2>\t\t\t\t<\/div>\n\t\t\t\t<\/div>\n\t\t\t\t<div class=\"elementor-element elementor-element-aa1bfe1 elementor-widget elementor-widget-heading\" data-id=\"aa1bfe1\" data-element_type=\"widget\" data-e-type=\"widget\" data-widget_type=\"heading.default\">\n\t\t\t\t<div class=\"elementor-widget-container\">\n\t\t\t\t\t<p class=\"elementor-heading-title elementor-size-default\">When contacting our company, personal information such as name and surname, contact telephone number and e-mail address will be requested in order to be able to provide you with personalised attention and to ensure that the service is in accordance with your needs. These data will be reserved by the company for the sole purpose of achieving greater control, division and monitoring of those who hire our services, thus improving our service offerings to the community day by day, both in Spain and abroad. Please note that certain specific information may be required in order to improve the service offered or to be able to issue invoices. This company will not sell, transfer or distribute the personal information that is collected without your consent, unless required by law. -<\/p>\t\t\t\t<\/div>\n\t\t\t\t<\/div>\n\t\t\t\t<div class=\"elementor-element elementor-element-161c16e elementor-widget elementor-widget-heading\" data-id=\"161c16e\" data-element_type=\"widget\" data-e-type=\"widget\" data-widget_type=\"heading.default\">\n\t\t\t\t<div class=\"elementor-widget-container\">\n\t\t\t\t\t<h2 class=\"elementor-heading-title elementor-size-default\">LINKS TO EXTERNAL SITES OF INTEREST<\/h2>\t\t\t\t<\/div>\n\t\t\t\t<\/div>\n\t\t\t\t<div class=\"elementor-element elementor-element-2024822 elementor-widget elementor-widget-heading\" data-id=\"2024822\" data-element_type=\"widget\" data-e-type=\"widget\" data-widget_type=\"heading.default\">\n\t\t\t\t<div class=\"elementor-widget-container\">\n\t\t\t\t\t<p class=\"elementor-heading-title elementor-size-default\">N\u00d3MADA COCTELER\u00cdA ITINERANTE will not be responsible for the terms, conditions and privacy policies of your data on other websites to which you may have been referred to because they are sites of interest related to the service you are looking for. For your safety, we recommend that you carefully read the terms and privacy policies that those links contain in order to protect your privacy. -<\/p>\t\t\t\t<\/div>\n\t\t\t\t<\/div>\n\t\t\t\t<div class=\"elementor-element elementor-element-d43ff83 elementor-widget elementor-widget-heading\" data-id=\"d43ff83\" data-element_type=\"widget\" data-e-type=\"widget\" data-widget_type=\"heading.default\">\n\t\t\t\t<div class=\"elementor-widget-container\">\n\t\t\t\t\t<h2 class=\"elementor-heading-title elementor-size-default\">MODIFIES this Legal Notice and Privacy Policy<\/h2>\t\t\t\t<\/div>\n\t\t\t\t<\/div>\n\t\t\t\t<div class=\"elementor-element elementor-element-442ffc0 elementor-widget elementor-widget-heading\" data-id=\"442ffc0\" data-element_type=\"widget\" data-e-type=\"widget\" data-widget_type=\"heading.default\">\n\t\t\t\t<div class=\"elementor-widget-container\">\n\t\t\t\t\t<p class=\"elementor-heading-title elementor-size-default\">N\u00d3MADA COCTELER\u00cdA ITINERANTE reserves the right to modify and update the information contained on the website, its configuration and presentation and the conditions of access at any time and without prior notice, whenever it deems appropriate.<\/p>\t\t\t\t<\/div>\n\t\t\t\t<\/div>\n\t\t\t\t<div class=\"elementor-element elementor-element-bed5f86 elementor-widget elementor-widget-heading\" data-id=\"bed5f86\" data-element_type=\"widget\" data-e-type=\"widget\" data-widget_type=\"heading.default\">\n\t\t\t\t<div class=\"elementor-widget-container\">\n\t\t\t\t\t<h2 class=\"elementor-heading-title elementor-size-default\">LINKS TO THIRD PARTY SITES<\/h2>\t\t\t\t<\/div>\n\t\t\t\t<\/div>\n\t\t\t\t<div class=\"elementor-element elementor-element-062b790 elementor-widget elementor-widget-heading\" data-id=\"062b790\" data-element_type=\"widget\" data-e-type=\"widget\" data-widget_type=\"heading.default\">\n\t\t\t\t<div class=\"elementor-widget-container\">\n\t\t\t\t\t<p class=\"elementor-heading-title elementor-size-default\">In the event that there are links to third party websites, we inform the user that he\/she will be governed by the terms and conditions of said websites and that N\u00d3MADA COCTELER\u00cdA ITINERANTE assumes no responsibility for the contents accessed through said links.<br><br>\nThrough this section we want to inform users of the policies of use and data processing that we do in the social networks in which we have a presence (Instagram), when a user is a follower of our company, authorises us to use their personal data only on these platforms for the management of our page or profile and the communications that we maintain in a bidirectional way with our followers through chat, messages or other means of communication that each social network allows now and in the future.<br><br>However, such treatment will be subject to the privacy policies of these social networks. By becoming a follower we will have access to the list of members or followers who have joined us. We would also like to inform you that when a user becomes a follower, the news we publish will also appear on their wall and that if they make comments on our wall, both their comments and the name of their profile and, where appropriate, the photograph they have on their profile will be accessible to other followers. In any case, the user is responsible for the use they make of the social network.<br><br>We will not use users' personal data for purposes other than those set out in the preceding paragraphs or to send them information through an environment other than the social network.\n\nWith regard to your data protection rights, you should contact the provider of the social network if you wish to exercise any such rights. However, they may unsubscribe from our page or profile at any time.<\/p>\t\t\t\t<\/div>\n\t\t\t\t<\/div>\n\t\t\t\t\t<\/div>\n\t\t<\/div>\n\t\t\t\t\t<\/div>\n\t\t<\/section>\n\t\t\t\t<\/div>","protected":false},"excerpt":{"rendered":"<p>AVISO LEGAL Para dar cumplimiento a lo establecido en la Ley 34\/2002 de 11 de julio, de Servicios de la Sociedad de la Informaci\u00f3n y de Comercio Electr\u00f3nico (LSSICE), a continuaci\u00f3n se indican los datos de informaci\u00f3n general del sitio web www.nomadacocteleria.com: Raz\u00f3n Social: Sof\u00eda Greta Stritzler NIE: Y9732544Q Direcci\u00f3n: \u00c1lvaro de Baz\u00e1n 1- M\u00e1laga [&hellip;]<\/p>\n","protected":false},"author":1,"featured_media":0,"parent":0,"menu_order":0,"comment_status":"closed","ping_status":"closed","template":"elementor_header_footer","meta":{"footnotes":""},"class_list":["post-826","page","type-page","status-publish","hentry"],"_links":{"self":[{"href":"https:\/\/nomadacocteleria.com\/en\/wp-json\/wp\/v2\/pages\/826","targetHints":{"allow":["GET"]}}],"collection":[{"href":"https:\/\/nomadacocteleria.com\/en\/wp-json\/wp\/v2\/pages"}],"about":[{"href":"https:\/\/nomadacocteleria.com\/en\/wp-json\/wp\/v2\/types\/page"}],"author":[{"embeddable":true,"href":"https:\/\/nomadacocteleria.com\/en\/wp-json\/wp\/v2\/users\/1"}],"replies":[{"embeddable":true,"href":"https:\/\/nomadacocteleria.com\/en\/wp-json\/wp\/v2\/comments?post=826"}],"version-history":[{"count":0,"href":"https:\/\/nomadacocteleria.com\/en\/wp-json\/wp\/v2\/pages\/826\/revisions"}],"wp:attachment":[{"href":"https:\/\/nomadacocteleria.com\/en\/wp-json\/wp\/v2\/media?parent=826"}],"curies":[{"name":"wp","href":"https:\/\/api.w.org\/{rel}","templated":true}]}}