{"id":899,"date":"2023-11-02T21:06:45","date_gmt":"2023-11-02T21:06:45","guid":{"rendered":"https:\/\/modest-kare.82-223-116-162.plesk.page\/?page_id=899"},"modified":"2025-07-07T15:12:16","modified_gmt":"2025-07-07T15:12:16","slug":"cookie-policy","status":"publish","type":"page","link":"https:\/\/nomadacocteleria.com\/en\/politica-de-cookies\/","title":{"rendered":"Cookie Policy\u00a0"},"content":{"rendered":"<div data-elementor-type=\"wp-page\" data-elementor-id=\"899\" class=\"elementor elementor-899\" data-elementor-post-type=\"page\">\n\t\t\t\t\t\t<section class=\"elementor-section elementor-top-section elementor-element elementor-element-2da0f9d elementor-section-height-min-height elementor-section-items-top elementor-section-boxed elementor-section-height-default\" data-id=\"2da0f9d\" data-element_type=\"section\" data-e-type=\"section\" data-settings=\"{&quot;background_background&quot;:&quot;classic&quot;}\">\n\t\t\t\t\t\t<div class=\"elementor-container elementor-column-gap-default\">\n\t\t\t\t\t<div class=\"elementor-column elementor-col-100 elementor-top-column elementor-element elementor-element-ebf52fe\" data-id=\"ebf52fe\" data-element_type=\"column\" data-e-type=\"column\">\n\t\t\t<div class=\"elementor-widget-wrap elementor-element-populated\">\n\t\t\t\t\t\t<div class=\"elementor-element elementor-element-5bc6593 elementor-widget elementor-widget-spacer\" data-id=\"5bc6593\" data-element_type=\"widget\" data-e-type=\"widget\" data-widget_type=\"spacer.default\">\n\t\t\t\t<div class=\"elementor-widget-container\">\n\t\t\t\t\t\t\t<div class=\"elementor-spacer\">\n\t\t\t<div class=\"elementor-spacer-inner\"><\/div>\n\t\t<\/div>\n\t\t\t\t\t\t<\/div>\n\t\t\t\t<\/div>\n\t\t\t\t<div class=\"elementor-element elementor-element-4806f7f elementor-widget elementor-widget-heading\" data-id=\"4806f7f\" data-element_type=\"widget\" data-e-type=\"widget\" data-widget_type=\"heading.default\">\n\t\t\t\t<div class=\"elementor-widget-container\">\n\t\t\t\t\t<h2 class=\"elementor-heading-title elementor-size-default\">Cookie Policy <\/h2>\t\t\t\t<\/div>\n\t\t\t\t<\/div>\n\t\t\t\t<div class=\"elementor-element elementor-element-4b5042b elementor-widget elementor-widget-heading\" data-id=\"4b5042b\" data-element_type=\"widget\" data-e-type=\"widget\" data-widget_type=\"heading.default\">\n\t\t\t\t<div class=\"elementor-widget-container\">\n\t\t\t\t\t<p class=\"elementor-heading-title elementor-size-default\">What are cookies and why do we use them on this website?<\/p>\t\t\t\t<\/div>\n\t\t\t\t<\/div>\n\t\t\t\t<div class=\"elementor-element elementor-element-f2c1fce elementor-widget elementor-widget-heading\" data-id=\"f2c1fce\" data-element_type=\"widget\" data-e-type=\"widget\" data-widget_type=\"heading.default\">\n\t\t\t\t<div class=\"elementor-widget-container\">\n\t\t\t\t\t<p class=\"elementor-heading-title elementor-size-default\">A cookie is a file that is downloaded to the user's device when accessing certain web pages to store and retrieve information about the browsing done from that equipment.\nCookies allow a website, among other things, to store and retrieve information about the user's habits and settings.  In Nomada Cocteler\u00eda Itinerant we use them to personalise the experience within our websites, identify and remember user preferences, including registration and facilitate navigation. We emphasize that the use of cookies on our websites does not provide personal data of the user, so it remains anonymous to us.each user can configure your browser to not accept the use of cookies, in which case the personalization of the experience would not apply although you can still access the contents of our websites normally.<br><br>\n<br><\/p>\t\t\t\t<\/div>\n\t\t\t\t<\/div>\n\t\t\t\t<div class=\"elementor-element elementor-element-89320f6 elementor-widget elementor-widget-heading\" data-id=\"89320f6\" data-element_type=\"widget\" data-e-type=\"widget\" data-widget_type=\"heading.default\">\n\t\t\t\t<div class=\"elementor-widget-container\">\n\t\t\t\t\t<p class=\"elementor-heading-title elementor-size-default\">What kind of cookies are used on the N\u00f3mada Cocteler\u00eda Itinerante websites?\n<\/p>\t\t\t\t<\/div>\n\t\t\t\t<\/div>\n\t\t\t\t<div class=\"elementor-element elementor-element-f53a76f elementor-widget elementor-widget-heading\" data-id=\"f53a76f\" data-element_type=\"widget\" data-e-type=\"widget\" data-widget_type=\"heading.default\">\n\t\t\t\t<div class=\"elementor-widget-container\">\n\t\t\t\t\t<p class=\"elementor-heading-title elementor-size-default\">Cookies, depending on their permanence, can be divided into session or permanent Cookies. The former expire when the user closes the browser. The second expire depending on when the purpose for which they serve is fulfilled (for example, to keep the user identified on the Nomada Cocteler\u00eda Itinerant website) or when they are manually deleted.\n\nCookies allow a website, among other things, store and retrieve information about the user's habits and settings.  In Nomada Cocteler\u00eda Itinerant we use them to personalize the experience within our website, identify and remember user preferences, including your registration and facilitate navigation. We emphasize that the use of cookies on our websites does not provide personal data of the user, so it remains anonymous to us.each user can configure your browser to not accept the use of cookies, in which case the personalization of the experience would not apply although you can still access the contents of our websites normally.<\/p>\t\t\t\t<\/div>\n\t\t\t\t<\/div>\n\t\t\t\t<div class=\"elementor-element elementor-element-2a94e40 elementor-align-left elementor-widget elementor-widget-button\" data-id=\"2a94e40\" data-element_type=\"widget\" data-e-type=\"widget\" data-widget_type=\"button.default\">\n\t\t\t\t<div class=\"elementor-widget-container\">\n\t\t\t\t\t\t\t\t\t<div class=\"elementor-button-wrapper\">\n\t\t\t\t\t<a class=\"elementor-button elementor-button-link elementor-size-sm\" href=\"https:\/\/nomadacocteleria.com\/en\/\">\n\t\t\t\t\t\t<span class=\"elementor-button-content-wrapper\">\n\t\t\t\t\t\t\t\t\t<span class=\"elementor-button-text\">Change your cookie preferences<\/span>\n\t\t\t\t\t<\/span>\n\t\t\t\t\t<\/a>\n\t\t\t\t<\/div>\n\t\t\t\t\t\t\t\t<\/div>\n\t\t\t\t<\/div>\n\t\t\t\t<div class=\"elementor-element elementor-element-eb57dbb elementor-widget elementor-widget-heading\" data-id=\"eb57dbb\" data-element_type=\"widget\" data-e-type=\"widget\" data-widget_type=\"heading.default\">\n\t\t\t\t<div class=\"elementor-widget-container\">\n\t\t\t\t\t<p class=\"elementor-heading-title elementor-size-default\">How to disable cookies in the browser?\n<\/p>\t\t\t\t<\/div>\n\t\t\t\t<\/div>\n\t\t\t\t<div class=\"elementor-element elementor-element-162654c elementor-widget elementor-widget-heading\" data-id=\"162654c\" data-element_type=\"widget\" data-e-type=\"widget\" data-widget_type=\"heading.default\">\n\t\t\t\t<div class=\"elementor-widget-container\">\n\t\t\t\t\t<p class=\"elementor-heading-title elementor-size-default\">Most browsers now allow the user to configure whether and which cookies to accept. These settings are usually found in the \"Options\" or \"Preferences\" menu of your browser.<br><br>\n\nThese are the instructions for setting cookies in the main browsers:<br><br>\nChrome: Settings -&gt; Show advanced options -&gt; Privacy -&gt; Content settings.\nFor more information, you can consult Google support or the browser's Help.<br><br>\n\nFirefox: Tools -&gt; Options -&gt; Privacy -&gt; History -&gt; Custom Settings.\nFor more information, you can consult Mozilla support or the browser Help<br><br>\n\nInternet Explorer: Tools -&gt; Internet Options -&gt; Privacy -&gt; Settings.\nFor more information, you can consult Microsoft support or the browser's Help.<br><br>\n\nSafari: Preferences -&gt; Security.\nFor more information, you can consult Apple support or the browser's Help.<br><br>\n\n<\/p>\t\t\t\t<\/div>\n\t\t\t\t<\/div>\n\t\t\t\t\t<\/div>\n\t\t<\/div>\n\t\t\t\t\t<\/div>\n\t\t<\/section>\n\t\t\t\t<\/div>","protected":false},"excerpt":{"rendered":"<p>Pol\u00edtica de Cookies \u00bfQu\u00e9 son las cookies y por qu\u00e9 las utilizamos en este sitio web? Una cookie es un fichero que se descarga en el dispositivo del usuario al acceder a determinadas p\u00e1ginas web para almacenar y recuperar informaci\u00f3n sobre la navegaci\u00f3n que se efect\u00faa desde dicho equipo. Las cookies permiten en un sitio [&hellip;]<\/p>\n","protected":false},"author":1,"featured_media":0,"parent":0,"menu_order":0,"comment_status":"closed","ping_status":"closed","template":"elementor_header_footer","meta":{"footnotes":""},"class_list":["post-899","page","type-page","status-publish","hentry"],"_links":{"self":[{"href":"https:\/\/nomadacocteleria.com\/en\/wp-json\/wp\/v2\/pages\/899","targetHints":{"allow":["GET"]}}],"collection":[{"href":"https:\/\/nomadacocteleria.com\/en\/wp-json\/wp\/v2\/pages"}],"about":[{"href":"https:\/\/nomadacocteleria.com\/en\/wp-json\/wp\/v2\/types\/page"}],"author":[{"embeddable":true,"href":"https:\/\/nomadacocteleria.com\/en\/wp-json\/wp\/v2\/users\/1"}],"replies":[{"embeddable":true,"href":"https:\/\/nomadacocteleria.com\/en\/wp-json\/wp\/v2\/comments?post=899"}],"version-history":[{"count":0,"href":"https:\/\/nomadacocteleria.com\/en\/wp-json\/wp\/v2\/pages\/899\/revisions"}],"wp:attachment":[{"href":"https:\/\/nomadacocteleria.com\/en\/wp-json\/wp\/v2\/media?parent=899"}],"curies":[{"name":"wp","href":"https:\/\/api.w.org\/{rel}","templated":true}]}}